{"id":2,"date":"2025-04-23T13:42:47","date_gmt":"2025-04-23T11:42:47","guid":{"rendered":"http:\/\/stay2rest.pl\/?page_id=2"},"modified":"2026-02-10T15:00:34","modified_gmt":"2026-02-10T14:00:34","slug":"przykladowa-strona","status":"publish","type":"page","link":"https:\/\/stay2rest.pl\/","title":{"rendered":"Nowa strona ju\u017c si\u0119 tworzy!"},"content":{"rendered":"\t\t<div data-elementor-type=\"wp-page\" data-elementor-id=\"2\" class=\"elementor elementor-2\">\n\t\t\t\t<div class=\"elementor-element elementor-element-60867f9b e-flex e-con-boxed e-con e-parent\" data-id=\"60867f9b\" data-element_type=\"container\">\n\t\t\t\t\t<div class=\"e-con-inner\">\n\t\t\t\t<div class=\"elementor-element elementor-element-4f62495d elementor-widget elementor-widget-text-editor\" data-id=\"4f62495d\" data-element_type=\"widget\" data-widget_type=\"text-editor.default\">\n\t\t\t\t<div class=\"elementor-widget-container\">\n\t\t\t\t\t\t\t\t\t<p class=\"has-text-align-center\">Pracujemy nad czym\u015b wyj\u0105tkowym \u2013 now\u0105 ods\u0142on\u0105 naszej witryny, <br \/>kt\u00f3ra ju\u017c wkr\u00f3tce ujrzy \u015bwiat\u0142o dzienne.<br \/>Zanim to nast\u0105pi,\u00a0<strong>kliknij poni\u017cej i poznaj nas lepiej<\/strong>\u00a0\u2013 zobacz, co robimy<br \/>i dlaczego warto z nami pracowa\u0107.<\/p>\n<p>\u00a0 \u00a0 \u00a0 \u00a0 \u00a0 \u00a0 \u00a0 \u00a0 \u00a0 \u00a0 \u00a0 \u00a0 \u00a0 \u00a0 \u00a0 \u00a0 \u00a0 \u00a0 \u00a0 \u00a0 \u00a0 \u00a0 \u00a0 \u00a0 \u00a0 \u00a0 \u00a0 \u00a0 \u00a0 \u00a0\u00a0<a href=\"https:\/\/drive.google.com\/file\/d\/1Upe_XOXFfoMmesy8dyKHz3Ep91kTqgS8\/view?usp=drive_link\" target=\"_blank\" rel=\"noreferrer noopener\"><strong>O NAS<\/strong><\/a><\/p>\n<p><!-- \/wp:paragraph --><!-- wp:paragraph {\"align\":\"center\"} --><\/p>\n<p class=\"has-text-align-center\">\u00a0<\/p>\n<p><!-- \/wp:paragraph --><!-- wp:paragraph {\"align\":\"center\"} --><\/p>\n<p class=\"has-text-align-center\">Poznaj obiekt, kt\u00f3ry nie tylko stworzyli\u015bmy, <br \/>ale kt\u00f3rym codziennie si\u0119 opiekujemy:<\/p>\n<p><!-- \/wp:paragraph --><!-- wp:paragraph {\"align\":\"center\"} --><\/p>\n<p class=\"has-text-align-center\"><strong>Aparthotel Boutique Residence Gda\u0144sk<\/strong><\/p>\n<p><!-- \/wp:paragraph --><!-- wp:paragraph {\"align\":\"center\"} --><\/p>\n<p class=\"has-text-align-center\">Miejsce, kt\u00f3re od 2021 roku tworzymy z sercem i pasj\u0105. <br \/>Z mi\u0142o\u015bci do go\u015bcinno\u015bci.<br \/>Zobacz, co sprawia, \u017ce jest tak wyj\u0105tkowe:\u00a0\u00a0<\/p>\n<p><!-- \/wp:paragraph --><!-- wp:paragraph {\"align\":\"center\"} --><\/p>\n<p class=\"has-text-align-center\"><a href=\"http:\/\/www.brgdansk.pl\/\" target=\"_blank\" rel=\"noreferrer noopener\">www.brgdansk.pl<\/a><\/p>\n<p><!-- \/wp:paragraph --><!-- wp:paragraph --><\/p>\n<p><!-- \/wp:paragraph --><\/p>\t\t\t\t\t\t\t\t<\/div>\n\t\t\t\t<\/div>\n\t\t\t\t\t<\/div>\n\t\t\t\t<\/div>\n\t\t<div class=\"elementor-element elementor-element-48b749f e-flex e-con-boxed e-con e-parent\" data-id=\"48b749f\" data-element_type=\"container\">\n\t\t\t\t\t<div class=\"e-con-inner\">\n\t\t\t\t\t<\/div>\n\t\t\t\t<\/div>\n\t\t\t\t<\/div>\n\t\t","protected":false},"excerpt":{"rendered":"<p>Pracujemy nad czym\u015b wyj\u0105tkowym \u2013 now\u0105 ods\u0142on\u0105 naszej witryny, kt\u00f3ra ju\u017c wkr\u00f3tce ujrzy \u015bwiat\u0142o dzienne.Zanim to nast\u0105pi,\u00a0kliknij poni\u017cej i poznaj nas lepiej\u00a0\u2013 zobacz, co robimyi dlaczego warto z nami pracowa\u0107. \u00a0 \u00a0 \u00a0 \u00a0 \u00a0 \u00a0 \u00a0 \u00a0 \u00a0 \u00a0 \u00a0 \u00a0 \u00a0 \u00a0 \u00a0 \u00a0 \u00a0 \u00a0 \u00a0 \u00a0 \u00a0 \u00a0 \u00a0 \u00a0 \u00a0 [&hellip;]<\/p>\n","protected":false},"author":1,"featured_media":0,"parent":0,"menu_order":0,"comment_status":"closed","ping_status":"closed","template":"","meta":{"footnotes":""},"class_list":["post-2","page","type-page","status-publish","hentry"],"yoast_head":"<!-- This site is optimized with the Yoast SEO plugin v24.9 - https:\/\/yoast.com\/wordpress\/plugins\/seo\/ -->\n<title>Nowa strona ju\u017c si\u0119 tworzy! - wordpressplugins<\/title>\n<meta name=\"robots\" content=\"index, follow, max-snippet:-1, max-image-preview:large, max-video-preview:-1\" \/>\n<link rel=\"canonical\" href=\"http:\/\/stay2rest.pl\/\" \/>\n<meta property=\"og:locale\" content=\"en_US\" \/>\n<meta property=\"og:type\" content=\"article\" \/>\n<meta property=\"og:title\" content=\"Nowa strona ju\u017c si\u0119 tworzy! - wordpressplugins\" \/>\n<meta property=\"og:description\" content=\"Pracujemy nad czym\u015b wyj\u0105tkowym \u2013 now\u0105 ods\u0142on\u0105 naszej witryny, kt\u00f3ra ju\u017c wkr\u00f3tce ujrzy \u015bwiat\u0142o dzienne.Zanim to nast\u0105pi,\u00a0kliknij poni\u017cej i poznaj nas lepiej\u00a0\u2013 zobacz, co robimyi dlaczego warto z nami pracowa\u0107. \u00a0 \u00a0 \u00a0 \u00a0 \u00a0 \u00a0 \u00a0 \u00a0 \u00a0 \u00a0 \u00a0 \u00a0 \u00a0 \u00a0 \u00a0 \u00a0 \u00a0 \u00a0 \u00a0 \u00a0 \u00a0 \u00a0 \u00a0 \u00a0 \u00a0 [&hellip;]\" \/>\n<meta property=\"og:url\" content=\"http:\/\/stay2rest.pl\/\" \/>\n<meta property=\"og:site_name\" content=\"wordpressplugins\" \/>\n<meta property=\"article:modified_time\" content=\"2026-02-10T14:00:34+00:00\" \/>\n<meta name=\"twitter:card\" content=\"summary_large_image\" \/>\n<meta name=\"twitter:label1\" content=\"Est. reading time\" \/>\n\t<meta name=\"twitter:data1\" content=\"1 minute\" \/>\n<script type=\"application\/ld+json\" class=\"yoast-schema-graph\">{\"@context\":\"https:\/\/schema.org\",\"@graph\":[{\"@type\":\"WebPage\",\"@id\":\"http:\/\/stay2rest.pl\/\",\"url\":\"http:\/\/stay2rest.pl\/\",\"name\":\"Nowa strona ju\u017c si\u0119 tworzy! - wordpressplugins\",\"isPartOf\":{\"@id\":\"http:\/\/stay2rest.pl\/#website\"},\"datePublished\":\"2025-04-23T11:42:47+00:00\",\"dateModified\":\"2026-02-10T14:00:34+00:00\",\"breadcrumb\":{\"@id\":\"http:\/\/stay2rest.pl\/#breadcrumb\"},\"inLanguage\":\"en-US\",\"potentialAction\":[{\"@type\":\"ReadAction\",\"target\":[\"http:\/\/stay2rest.pl\/\"]}]},{\"@type\":\"BreadcrumbList\",\"@id\":\"http:\/\/stay2rest.pl\/#breadcrumb\",\"itemListElement\":[{\"@type\":\"ListItem\",\"position\":1,\"name\":\"Home\",\"item\":\"http:\/\/stay2rest.pl\/\"},{\"@type\":\"ListItem\",\"position\":2,\"name\":\"Nowa strona ju\u017c si\u0119 tworzy!\"}]},{\"@type\":\"WebSite\",\"@id\":\"http:\/\/stay2rest.pl\/#website\",\"url\":\"http:\/\/stay2rest.pl\/\",\"name\":\"wordpressplugins\",\"description\":\"\",\"potentialAction\":[{\"@type\":\"SearchAction\",\"target\":{\"@type\":\"EntryPoint\",\"urlTemplate\":\"http:\/\/stay2rest.pl\/?s={search_term_string}\"},\"query-input\":{\"@type\":\"PropertyValueSpecification\",\"valueRequired\":true,\"valueName\":\"search_term_string\"}}],\"inLanguage\":\"en-US\"}]}<\/script>\n<!-- \/ Yoast SEO plugin. -->","yoast_head_json":{"title":"Nowa strona ju\u017c si\u0119 tworzy! - wordpressplugins","robots":{"index":"index","follow":"follow","max-snippet":"max-snippet:-1","max-image-preview":"max-image-preview:large","max-video-preview":"max-video-preview:-1"},"canonical":"http:\/\/stay2rest.pl\/","og_locale":"en_US","og_type":"article","og_title":"Nowa strona ju\u017c si\u0119 tworzy! - wordpressplugins","og_description":"Pracujemy nad czym\u015b wyj\u0105tkowym \u2013 now\u0105 ods\u0142on\u0105 naszej witryny, kt\u00f3ra ju\u017c wkr\u00f3tce ujrzy \u015bwiat\u0142o dzienne.Zanim to nast\u0105pi,\u00a0kliknij poni\u017cej i poznaj nas lepiej\u00a0\u2013 zobacz, co robimyi dlaczego warto z nami pracowa\u0107. \u00a0 \u00a0 \u00a0 \u00a0 \u00a0 \u00a0 \u00a0 \u00a0 \u00a0 \u00a0 \u00a0 \u00a0 \u00a0 \u00a0 \u00a0 \u00a0 \u00a0 \u00a0 \u00a0 \u00a0 \u00a0 \u00a0 \u00a0 \u00a0 \u00a0 [&hellip;]","og_url":"http:\/\/stay2rest.pl\/","og_site_name":"wordpressplugins","article_modified_time":"2026-02-10T14:00:34+00:00","twitter_card":"summary_large_image","twitter_misc":{"Est. reading time":"1 minute"},"schema":{"@context":"https:\/\/schema.org","@graph":[{"@type":"WebPage","@id":"http:\/\/stay2rest.pl\/","url":"http:\/\/stay2rest.pl\/","name":"Nowa strona ju\u017c si\u0119 tworzy! - wordpressplugins","isPartOf":{"@id":"http:\/\/stay2rest.pl\/#website"},"datePublished":"2025-04-23T11:42:47+00:00","dateModified":"2026-02-10T14:00:34+00:00","breadcrumb":{"@id":"http:\/\/stay2rest.pl\/#breadcrumb"},"inLanguage":"en-US","potentialAction":[{"@type":"ReadAction","target":["http:\/\/stay2rest.pl\/"]}]},{"@type":"BreadcrumbList","@id":"http:\/\/stay2rest.pl\/#breadcrumb","itemListElement":[{"@type":"ListItem","position":1,"name":"Home","item":"http:\/\/stay2rest.pl\/"},{"@type":"ListItem","position":2,"name":"Nowa strona ju\u017c si\u0119 tworzy!"}]},{"@type":"WebSite","@id":"http:\/\/stay2rest.pl\/#website","url":"http:\/\/stay2rest.pl\/","name":"wordpressplugins","description":"","potentialAction":[{"@type":"SearchAction","target":{"@type":"EntryPoint","urlTemplate":"http:\/\/stay2rest.pl\/?s={search_term_string}"},"query-input":{"@type":"PropertyValueSpecification","valueRequired":true,"valueName":"search_term_string"}}],"inLanguage":"en-US"}]}},"_links":{"self":[{"href":"https:\/\/stay2rest.pl\/index.php?rest_route=\/wp\/v2\/pages\/2","targetHints":{"allow":["GET"]}}],"collection":[{"href":"https:\/\/stay2rest.pl\/index.php?rest_route=\/wp\/v2\/pages"}],"about":[{"href":"https:\/\/stay2rest.pl\/index.php?rest_route=\/wp\/v2\/types\/page"}],"author":[{"embeddable":true,"href":"https:\/\/stay2rest.pl\/index.php?rest_route=\/wp\/v2\/users\/1"}],"replies":[{"embeddable":true,"href":"https:\/\/stay2rest.pl\/index.php?rest_route=%2Fwp%2Fv2%2Fcomments&post=2"}],"version-history":[{"count":32,"href":"https:\/\/stay2rest.pl\/index.php?rest_route=\/wp\/v2\/pages\/2\/revisions"}],"predecessor-version":[{"id":62,"href":"https:\/\/stay2rest.pl\/index.php?rest_route=\/wp\/v2\/pages\/2\/revisions\/62"}],"wp:attachment":[{"href":"https:\/\/stay2rest.pl\/index.php?rest_route=%2Fwp%2Fv2%2Fmedia&parent=2"}],"curies":[{"name":"wp","href":"https:\/\/api.w.org\/{rel}","templated":true}]}}